{"id":9960,"date":"2023-04-02T10:57:07","date_gmt":"2023-04-02T10:57:07","guid":{"rendered":"https:\/\/safariworldtours.com\/?page_id=9960"},"modified":"2023-02-03T18:45:27","modified_gmt":"2023-02-03T18:45:27","slug":"tours","status":"publish","type":"page","link":"https:\/\/safariworldtours.com\/de\/touren-2","title":{"rendered":"Afrikanische Safari-Touren und Ferien"},"content":{"rendered":"<p>Do you have an African safari on your bucket list? It ought to! Africa has so much to offer, from idyllic beaches to breathtaking landscapes, hospitable people, and cultural treasures. However, the wildlife and safari lifestyle will draw you back again and again. The famous quote by Ryszard Kapu\u015bci\u0144ski, \u201c<em>The continent is too large to describe. It is a veritable ocean, a separate planet, a varied, immensely rich cosmos. Only with the greatest simplification, for convenience, can we say \u2018Africa.<\/em>\u2019<em> Au\u00dfer als geografische Bezeichnung existiert Afrika nicht.<\/em>\u201d This is so accurate. After your first safari, Africa becomes part of your blood. You develop a strong desire to return to this enchanted continent and begin planning your next African safari vacation. Caution: Africa is highly addictive!<\/p>\n<div class=\"tourmaster-tour-shortcode clearfix tourmaster-item-rvpdlr\" ><div class=\"tourmaster-tour-item clearfix  tourmaster-tour-item-style-grid tourmaster-tour-item-column-2\"  ><div class=\"tourmaster-tour-item-holder gdlr-core-js-2 clearfix\" data-layout=\"fitrows\" ><div class=\"gdlr-core-item-list  tourmaster-item-pdlr tourmaster-column-30 tourmaster-column-first\" ><div class=\"tourmaster-tour-grid  tourmaster-tour-grid-style-1 tourmaster-price-right-title\" ><div class=\"tourmaster-tour-grid-inner\"  ><div class=\"tourmaster-tour-thumbnail tourmaster-media-image\"  ><a href=\"https:\/\/safariworldtours.com\/de\/tour\/windhoek-city-tour\"><img loading=\"lazy\" decoding=\"async\" src=\"https:\/\/safariworldtours.com\/wp-content\/uploads\/2025\/09\/singl-trip-5.png\" alt=\"singl trip 5\" width=\"1920\" height=\"1279\" \/><\/a><\/div><div class=\"tourmaster-tour-content-wrap\" ><h3 class=\"tourmaster-tour-title gdlr-core-skin-title\"  ><a href=\"https:\/\/safariworldtours.com\/de\/tour\/windhoek-city-tour\">Windhoek City Tour<\/a><\/h3><div class=\"tourmaster-tour-price-wrap\" ><span class=\"tourmaster-tour-price\" ><span class=\"tourmaster-head\">From<\/span><span class=\"tourmaster-tail\">$39<\/span><\/span><\/div><div class=\"tourmaster-tour-info-wrap clearfix\" ><\/div><\/div><\/div><\/div><\/div><div class=\"gdlr-core-item-list  tourmaster-item-pdlr tourmaster-column-30\" ><div class=\"tourmaster-tour-grid  tourmaster-tour-grid-style-1 tourmaster-price-right-title\" ><div class=\"tourmaster-tour-grid-inner\"  ><div class=\"tourmaster-tour-thumbnail tourmaster-media-image\"  ><a href=\"https:\/\/safariworldtours.com\/de\/tour\/12-days-namibia-wilderness-landscape-safari-lodging-customized\"><img loading=\"lazy\" decoding=\"async\" src=\"https:\/\/safariworldtours.com\/wp-content\/uploads\/2024\/12\/arebbusch-pool-01-1.jpg\" alt=\"arebbusch pool 01 1\" width=\"840\" height=\"483\" \/><\/a><\/div><div class=\"tourmaster-tour-content-wrap\" ><h3 class=\"tourmaster-tour-title gdlr-core-skin-title\"  ><a href=\"https:\/\/safariworldtours.com\/de\/tour\/12-days-namibia-wilderness-landscape-safari-lodging-customized\">12 Days Namibia Wilderness &#038; Landscape Safari (Lodging) Customized<\/a><\/h3><div class=\"tourmaster-tour-price-wrap\" ><span class=\"tourmaster-tour-price\" ><span class=\"tourmaster-head\">From<\/span><span class=\"tourmaster-tail\">$5,500<\/span><\/span><\/div><div class=\"tourmaster-tour-info-wrap clearfix\" ><\/div><\/div><\/div><\/div><\/div><div class=\"gdlr-core-item-list  tourmaster-item-pdlr tourmaster-column-30 tourmaster-column-first\" ><div class=\"tourmaster-tour-grid  tourmaster-tour-grid-style-1 tourmaster-price-right-title\" ><div class=\"tourmaster-tour-grid-inner\"  ><div class=\"tourmaster-tour-thumbnail tourmaster-media-image\"  ><a href=\"https:\/\/safariworldtours.com\/de\/tour\/2-days-swakopmund-camping-tour\"><img loading=\"lazy\" decoding=\"async\" src=\"https:\/\/safariworldtours.com\/wp-content\/uploads\/2024\/12\/1781867_697535346999269_5139408044172674427_n.jpg\" alt=\"1781867 697535346999269 5139408044172674427 n\" width=\"644\" height=\"483\" \/><\/a><\/div><div class=\"tourmaster-tour-content-wrap\" ><h3 class=\"tourmaster-tour-title gdlr-core-skin-title\"  ><a href=\"https:\/\/safariworldtours.com\/de\/tour\/2-days-swakopmund-camping-tour\">2 DAYS SWAKOPMUND (Camping) Tour<\/a><\/h3><div class=\"tourmaster-tour-price-wrap\" ><span class=\"tourmaster-tour-price\" ><span class=\"tourmaster-head\">From<\/span><span class=\"tourmaster-tail\">$280<\/span><\/span><\/div><div class=\"tourmaster-tour-info-wrap clearfix\" ><\/div><\/div><\/div><\/div><\/div><div class=\"gdlr-core-item-list  tourmaster-item-pdlr tourmaster-column-30\" ><div class=\"tourmaster-tour-grid  tourmaster-tour-grid-style-1 tourmaster-price-right-title\" ><div class=\"tourmaster-tour-grid-inner\"  ><div class=\"tourmaster-tour-thumbnail tourmaster-media-image\"  ><a href=\"https:\/\/safariworldtours.com\/de\/tour\/2-days-etosha-wildlife-safari-namibia-camping\"><img loading=\"lazy\" decoding=\"async\" src=\"https:\/\/safariworldtours.com\/wp-content\/uploads\/2024\/12\/Etosha_National_Park-40-1.jpg\" alt=\"Etosha National Park 40 1\" width=\"725\" height=\"483\" \/><\/a><\/div><div class=\"tourmaster-tour-content-wrap\" ><h3 class=\"tourmaster-tour-title gdlr-core-skin-title\"  ><a href=\"https:\/\/safariworldtours.com\/de\/tour\/2-days-etosha-wildlife-safari-namibia-camping\">2 Days Etosha Wildlife Safari -Namibia (Camping)<\/a><\/h3><div class=\"tourmaster-tour-price-wrap\" ><span class=\"tourmaster-tour-price\" ><span class=\"tourmaster-head\">From<\/span><span class=\"tourmaster-tail\">$570<\/span><\/span><\/div><div class=\"tourmaster-tour-info-wrap clearfix\" ><\/div><\/div><\/div><\/div><\/div><div class=\"gdlr-core-item-list  tourmaster-item-pdlr tourmaster-column-30 tourmaster-column-first\" ><div class=\"tourmaster-tour-grid  tourmaster-tour-grid-style-1 tourmaster-price-right-title\" ><div class=\"tourmaster-tour-grid-inner\"  ><div class=\"tourmaster-tour-thumbnail tourmaster-media-image\"  ><a href=\"https:\/\/safariworldtours.com\/de\/tour\/20-days-trail-safari-in-vic-falls-botswana-namibia-lodging-camping-2\"><img loading=\"lazy\" decoding=\"async\" src=\"https:\/\/safariworldtours.com\/wp-content\/uploads\/2024\/12\/home_0003_header.jpg\" alt=\"home 0003 header\" width=\"974\" height=\"483\" \/><\/a><\/div><div class=\"tourmaster-tour-content-wrap\" ><h3 class=\"tourmaster-tour-title gdlr-core-skin-title\"  ><a href=\"https:\/\/safariworldtours.com\/de\/tour\/20-days-trail-safari-in-vic-falls-botswana-namibia-lodging-camping-2\">20-t\u00e4gige Trail-Safari in Vic Falls, Botswana und Namibia (Unterkunft und Camping)<\/a><\/h3><div class=\"tourmaster-tour-price-wrap\" ><span class=\"tourmaster-tour-price\" ><span class=\"tourmaster-head\">From<\/span><span class=\"tourmaster-tail\">$3,168<\/span><\/span><\/div><div class=\"tourmaster-tour-info-wrap clearfix\" ><\/div><\/div><\/div><\/div><\/div><div class=\"gdlr-core-item-list  tourmaster-item-pdlr tourmaster-column-30\" ><div class=\"tourmaster-tour-grid  tourmaster-tour-grid-style-1 tourmaster-price-right-title\" ><div class=\"tourmaster-tour-grid-inner\"  ><div class=\"tourmaster-tour-thumbnail tourmaster-media-image\"  ><a href=\"https:\/\/safariworldtours.com\/de\/tour\/2-days-sossusvlei-safari-lodging\"><img loading=\"lazy\" decoding=\"async\" src=\"https:\/\/safariworldtours.com\/wp-content\/uploads\/2024\/12\/desertcamp_poolarea03.jpg\" alt=\"desertcamp poolarea03\" width=\"754\" height=\"483\" \/><\/a><\/div><div class=\"tourmaster-tour-content-wrap\" ><h3 class=\"tourmaster-tour-title gdlr-core-skin-title\"  ><a href=\"https:\/\/safariworldtours.com\/de\/tour\/2-days-sossusvlei-safari-lodging\">2 DAYS SOSSUSVLEI SAFARI (Lodging)<\/a><\/h3><div class=\"tourmaster-tour-price-wrap\" ><span class=\"tourmaster-tour-price\" ><span class=\"tourmaster-head\">From<\/span><span class=\"tourmaster-tail\">$650<\/span><\/span><\/div><div class=\"tourmaster-tour-info-wrap clearfix\" ><\/div><\/div><\/div><\/div><\/div><div class=\"gdlr-core-item-list  tourmaster-item-pdlr tourmaster-column-30 tourmaster-column-first\" ><div class=\"tourmaster-tour-grid  tourmaster-tour-grid-style-1 tourmaster-price-right-title\" ><div class=\"tourmaster-tour-grid-inner\"  ><div class=\"tourmaster-tour-thumbnail tourmaster-media-image\"  ><a href=\"https:\/\/safariworldtours.com\/de\/tour\/12-day-luderitz-sossusvlei-swakopmund-skeleton-coast-and-etosha-national-park-budget-lodging-tour\"><img loading=\"lazy\" decoding=\"async\" src=\"https:\/\/safariworldtours.com\/wp-content\/uploads\/2024\/12\/11.jpg\" alt=\"11\" width=\"734\" height=\"483\" \/><\/a><\/div><div class=\"tourmaster-tour-content-wrap\" ><h3 class=\"tourmaster-tour-title gdlr-core-skin-title\"  ><a href=\"https:\/\/safariworldtours.com\/de\/tour\/12-day-luderitz-sossusvlei-swakopmund-skeleton-coast-and-etosha-national-park-budget-lodging-tour\">12 Day Luderitz, Sossusvlei Swakopmund, Skeleton Coast and Etosha National Park Budget (Lodging) Tour<\/a><\/h3><div class=\"tourmaster-tour-price-wrap\" ><span class=\"tourmaster-tour-price\" ><span class=\"tourmaster-head\">From<\/span><span class=\"tourmaster-tail\">$4,980<\/span><\/span><\/div><div class=\"tourmaster-tour-info-wrap clearfix\" ><\/div><\/div><\/div><\/div><\/div><div class=\"gdlr-core-item-list  tourmaster-item-pdlr tourmaster-column-30\" ><div class=\"tourmaster-tour-grid  tourmaster-tour-grid-style-1 tourmaster-price-right-title\" ><div class=\"tourmaster-tour-grid-inner\"  ><div class=\"tourmaster-tour-thumbnail tourmaster-media-image\"  ><a href=\"https:\/\/safariworldtours.com\/de\/tour\/16-days-trail-safari-in-namibia-botswana-and-vic-falls-lodging\"><img loading=\"lazy\" decoding=\"async\" src=\"https:\/\/safariworldtours.com\/wp-content\/uploads\/2024\/12\/hakusembe3-1.jpg\" alt=\"hakusembe3 1\" width=\"724\" height=\"483\" \/><\/a><\/div><div class=\"tourmaster-tour-content-wrap\" ><h3 class=\"tourmaster-tour-title gdlr-core-skin-title\"  ><a href=\"https:\/\/safariworldtours.com\/de\/tour\/16-days-trail-safari-in-namibia-botswana-and-vic-falls-lodging\">16 Days Trail Safari in Namibia, Botswana and Vic Falls (Lodging)<\/a><\/h3><div class=\"tourmaster-tour-price-wrap\" ><span class=\"tourmaster-tour-price\" ><span class=\"tourmaster-head\">From<\/span><span class=\"tourmaster-tail\">$8,520<\/span><\/span><\/div><div class=\"tourmaster-tour-info-wrap clearfix\" ><\/div><\/div><\/div><\/div><\/div><div class=\"gdlr-core-item-list  tourmaster-item-pdlr tourmaster-column-30 tourmaster-column-first\" ><div class=\"tourmaster-tour-grid  tourmaster-tour-grid-style-1 tourmaster-price-right-title\" ><div class=\"tourmaster-tour-grid-inner\"  ><div class=\"tourmaster-tour-thumbnail tourmaster-media-image\"  ><a href=\"https:\/\/safariworldtours.com\/de\/tour\/9-days-luderitz-sossusvlei-swakopmund-skeleton-coast-and-etosha-national-park-budget-tour\"><img loading=\"lazy\" decoding=\"async\" src=\"https:\/\/safariworldtours.com\/wp-content\/uploads\/2024\/09\/fcdc6f56_DeadVleiSossusvleidreamstimel74009151.jpeg\" alt=\"fcdc6f56 DeadVleiSossusvleidreamstimel74009151\" width=\"1080\" height=\"721\" \/><\/a><\/div><div class=\"tourmaster-tour-content-wrap\" ><h3 class=\"tourmaster-tour-title gdlr-core-skin-title\"  ><a href=\"https:\/\/safariworldtours.com\/de\/tour\/9-days-luderitz-sossusvlei-swakopmund-skeleton-coast-and-etosha-national-park-budget-tour\">9-t\u00e4gige Budget-Tour nach L\u00fcderitz, Sossusvlei Swakopmund, Skelettk\u00fcste und Etosha-Nationalpark<\/a><\/h3><div class=\"tourmaster-tour-price-wrap\" ><span class=\"tourmaster-tour-price\" ><span class=\"tourmaster-head\">From<\/span><span class=\"tourmaster-tail\">$3,700<\/span><\/span><\/div><div class=\"tourmaster-tour-info-wrap clearfix\" ><\/div><div class=\"tourmaster-tour-content\" >Explore Namibia with an Affordable 9-Day Luderitz Budget Tour Luderitz budget tour Embark on an unforgettable journey across Namibia with [&hellip;]<\/div><\/div><\/div><\/div><\/div><div class=\"gdlr-core-item-list  tourmaster-item-pdlr tourmaster-column-30\" ><div class=\"tourmaster-tour-grid  tourmaster-tour-grid-style-1 tourmaster-price-right-title\" ><div class=\"tourmaster-tour-grid-inner\"  ><div class=\"tourmaster-tour-thumbnail tourmaster-media-image\"  ><a href=\"https:\/\/safariworldtours.com\/de\/tour\/14-days-cultural-landscape-and-wildlife-namibian-safari-loding\"><img loading=\"lazy\" decoding=\"async\" src=\"https:\/\/safariworldtours.com\/wp-content\/uploads\/2023\/04\/etosha_game_drive1.jpg\" alt=\"etosha game drive1\" width=\"758\" height=\"443\" \/><\/a><\/div><div class=\"tourmaster-tour-content-wrap\" ><h3 class=\"tourmaster-tour-title gdlr-core-skin-title\"  ><a href=\"https:\/\/safariworldtours.com\/de\/tour\/14-days-cultural-landscape-and-wildlife-namibian-safari-loding\">14 Tage Kulturlandschaft und Wildtiere Namibias Safari (Unterkunft)<\/a><\/h3><div class=\"tourmaster-tour-price-wrap\" ><span class=\"tourmaster-tour-price\" ><span class=\"tourmaster-head\">From<\/span><span class=\"tourmaster-tail\">$6,450<\/span><\/span><\/div><div class=\"tourmaster-tour-info-wrap clearfix\" ><\/div><div class=\"tourmaster-tour-content\" >Cultural and Wildlife Safari in Namibia Epic 14-Day Discover Namibia&#8217;s Highlights\u00a0 A Thrilling Adventure Cultural and Wildlife Safari in Namibia [&hellip;]<\/div><\/div><\/div><\/div><\/div><div class=\"gdlr-core-item-list  tourmaster-item-pdlr tourmaster-column-30 tourmaster-column-first\" ><div class=\"tourmaster-tour-grid  tourmaster-tour-grid-style-1 tourmaster-price-right-title\" ><div class=\"tourmaster-tour-grid-inner\"  ><div class=\"tourmaster-tour-thumbnail tourmaster-media-image\"  ><a href=\"https:\/\/safariworldtours.com\/de\/tour\/11-days-namibian-highlights-safari\"><img loading=\"lazy\" decoding=\"async\" src=\"https:\/\/safariworldtours.com\/wp-content\/uploads\/2024\/07\/epacha_pool_02_rgb_v1.jpg\" alt=\"epacha pool 02 rgb v1\" width=\"725\" height=\"483\" \/><\/a><\/div><div class=\"tourmaster-tour-content-wrap\" ><h3 class=\"tourmaster-tour-title gdlr-core-skin-title\"  ><a href=\"https:\/\/safariworldtours.com\/de\/tour\/11-days-namibian-highlights-safari\">11 TAGE NAMIBIAN HIGHLIGHTS SAFARI (Unterkunft) Tour<\/a><\/h3><div class=\"tourmaster-tour-price-wrap\" ><span class=\"tourmaster-tour-price\" ><span class=\"tourmaster-head\">From<\/span><span class=\"tourmaster-tail\">$5,280<\/span><\/span><\/div><div class=\"tourmaster-tour-info-wrap clearfix\" ><\/div><div class=\"tourmaster-tour-content\" >11-Day Namibian Highlights Safari Tour Uncover Namibia&#8217;s Magic An 11-Day Namibian Highlights Safari Tour Embark on an unforgettable Namibian Highlights [&hellip;]<\/div><\/div><\/div><\/div><\/div><div class=\"gdlr-core-item-list  tourmaster-item-pdlr tourmaster-column-30\" ><div class=\"tourmaster-tour-grid  tourmaster-tour-grid-style-1 tourmaster-price-right-title\" ><div class=\"tourmaster-tour-grid-inner\"  ><div class=\"tourmaster-tour-thumbnail tourmaster-media-image\"  ><a href=\"https:\/\/safariworldtours.com\/de\/tour\/10-day-windhoek-botswana-and-victoria-falls-safari\"><img loading=\"lazy\" decoding=\"async\" src=\"https:\/\/safariworldtours.com\/wp-content\/uploads\/2024\/07\/photo_45.jpg\" alt=\"photo 45\" width=\"644\" height=\"483\" \/><\/a><\/div><div class=\"tourmaster-tour-content-wrap\" ><h3 class=\"tourmaster-tour-title gdlr-core-skin-title\"  ><a href=\"https:\/\/safariworldtours.com\/de\/tour\/10-day-windhoek-botswana-and-victoria-falls-safari\">10-t\u00e4gige Safari durch Windhoek, Botswana und zu den Victoriaf\u00e4llen (Camping)<\/a><\/h3><div class=\"tourmaster-tour-price-wrap\" ><span class=\"tourmaster-tour-price\" ><span class=\"tourmaster-head\">From<\/span><span class=\"tourmaster-tail\">$2,950<\/span><\/span><\/div><div class=\"tourmaster-tour-info-wrap clearfix\" ><\/div><div class=\"tourmaster-tour-content\" >Botswana and Victoria Falls Safari Tour Introduction Botswana and Victoria Falls Safari This luxurious 10-day safari takes you through Namibia, [&hellip;]<\/div><\/div><\/div><\/div><\/div><\/div><div class=\"gdlr-core-pagination  gdlr-core-style-round gdlr-core-right-align tourmaster-item-pdlr\"  ><span aria-current=\"page\" class=\"page-numbers current\">1<\/span>\n<a class=\"page-numbers\" href=\"https:\/\/safariworldtours.com\/de\/wp-json\/wp\/v2\/pages\/9960\/page\/2\">2<\/a>\n<a class=\"page-numbers\" href=\"https:\/\/safariworldtours.com\/de\/wp-json\/wp\/v2\/pages\/9960\/page\/3\">3<\/a>\n<span class=\"page-numbers dots\">\u2026<\/span>\n<a class=\"page-numbers\" href=\"https:\/\/safariworldtours.com\/de\/wp-json\/wp\/v2\/pages\/9960\/page\/22\">22<\/a>\n<a class=\"next page-numbers\" href=\"https:\/\/safariworldtours.com\/de\/wp-json\/wp\/v2\/pages\/9960\/page\/2\"><\/a><\/div><\/div><\/div>","protected":false},"excerpt":{"rendered":"<p>Do you have an African safari on your bucket list? It ought to! Africa has so much to offer, from idyllic beaches to breathtaking landscapes, hospitable people, and cultural treasures. However, the wildlife and safari lifestyle will draw you back again and again. The famous quote by Ryszard Kapu\u015bci\u0144ski, \u201cThe continent is too large to [&hellip;]<\/p>","protected":false},"author":1,"featured_media":0,"parent":0,"menu_order":0,"comment_status":"closed","ping_status":"closed","template":"","meta":{"footnotes":""},"class_list":["post-9960","page","type-page","status-publish","hentry"],"_links":{"self":[{"href":"https:\/\/safariworldtours.com\/de\/wp-json\/wp\/v2\/pages\/9960","targetHints":{"allow":["GET"]}}],"collection":[{"href":"https:\/\/safariworldtours.com\/de\/wp-json\/wp\/v2\/pages"}],"about":[{"href":"https:\/\/safariworldtours.com\/de\/wp-json\/wp\/v2\/types\/page"}],"author":[{"embeddable":true,"href":"https:\/\/safariworldtours.com\/de\/wp-json\/wp\/v2\/users\/1"}],"replies":[{"embeddable":true,"href":"https:\/\/safariworldtours.com\/de\/wp-json\/wp\/v2\/comments?post=9960"}],"version-history":[{"count":0,"href":"https:\/\/safariworldtours.com\/de\/wp-json\/wp\/v2\/pages\/9960\/revisions"}],"wp:attachment":[{"href":"https:\/\/safariworldtours.com\/de\/wp-json\/wp\/v2\/media?parent=9960"}],"curies":[{"name":"wp","href":"https:\/\/api.w.org\/{rel}","templated":true}]}}