{"id":9283,"date":"2023-04-02T10:52:05","date_gmt":"2023-04-02T10:52:05","guid":{"rendered":"https:\/\/safari.cloudpos.host\/?page_id=9283"},"modified":"2025-09-26T11:58:58","modified_gmt":"2025-09-26T11:58:58","slug":"namibia-tours-list","status":"publish","type":"page","link":"https:\/\/safariworldtours.com\/de\/namibia-touren-liste","title":{"rendered":"Namibia Touren und Safaris"},"content":{"rendered":"<p><strong>Entdecken Sie die ungez\u00e4hmte Sch\u00f6nheit von Namibia: Eine Reise durch atemberaubende Landschaften und aufregende Safaris<\/strong><\/p>\n<p>Reisen Sie nach Namibia, um eine einmalige Erfahrung zu machen, bei der die wilde Sch\u00f6nheit des Landes auf aufregende Safaris und eine F\u00fclle von Touristenattraktionen trifft. Dieser erstaunliche Ort bietet eine gro\u00dfe Vielfalt an Aktivit\u00e4ten, von <strong>Luxus-Safari in Namibia<\/strong> die sich um alle Ihre Bed\u00fcrfnisse k\u00fcmmern, um <strong>Namibia self-drive tours <\/strong>treks across breath-taking scenery. Get ready to discover Namibia&#8217;s enchanted land, where every turn reveals a different tale.<\/p>\n<p><strong>Namibia Safari Tour: \u00dcbersicht<\/strong><\/p>\n<p>Nehmen Sie eine spannende <strong>Namibia-Safaris<\/strong> um ungez\u00e4hmte und faszinierende Sch\u00f6nheit zu sehen. Auf dieser Reise werden Sie riesige Weiten sehen, wo rote Sandd\u00fcnen bis zum Horizont reichen und Tiere frei in der Savanne grasen. Im Etosha-Nationalpark k\u00f6nnen Sie den Konflikt zwischen Raubtier und Beute beobachten und dabei erstaunliche Bilder von L\u00f6wen auf der Pirsch und Elefanten beim Baden einfangen. Erkunden Sie die Skelettk\u00fcste, einen Ort der Schiffswracks und des an die W\u00fcste angepassten Lebens, der schaurig-sch\u00f6n ist. Die hartn\u00e4ckigen Pflanzen und Tiere, die sich an diese trockene Umgebung angepasst haben, werden von sachkundigen F\u00fchrern enth\u00fcllt, w\u00e4hrend sie die Geheimnisse der W\u00fcste entr\u00e4tseln. Ihr <strong>Namibia-Safari-Tour<\/strong> guarantees up-close experiences with the natural world&#8217;s marvels, inspiring your sense of adventure and leaving you with lifelong memories.<\/p>","protected":false},"excerpt":{"rendered":"<p>Discover the Untamed Beauty of Namibia: A Journey Through Stunning Landscapes and Thrilling Safaris Travel to Namibia for once-in-a-lifetime experience where the wild beauty of the country meets exhilarating safaris and an abundance of tourist attractions. This amazing location provides a wide variety of activities, from luxury Namibia safari that attend to your every need [&hellip;]<\/p>","protected":false},"author":1,"featured_media":0,"parent":0,"menu_order":0,"comment_status":"closed","ping_status":"closed","template":"","meta":{"footnotes":""},"class_list":["post-9283","page","type-page","status-publish","hentry"],"_links":{"self":[{"href":"https:\/\/safariworldtours.com\/de\/wp-json\/wp\/v2\/pages\/9283","targetHints":{"allow":["GET"]}}],"collection":[{"href":"https:\/\/safariworldtours.com\/de\/wp-json\/wp\/v2\/pages"}],"about":[{"href":"https:\/\/safariworldtours.com\/de\/wp-json\/wp\/v2\/types\/page"}],"author":[{"embeddable":true,"href":"https:\/\/safariworldtours.com\/de\/wp-json\/wp\/v2\/users\/1"}],"replies":[{"embeddable":true,"href":"https:\/\/safariworldtours.com\/de\/wp-json\/wp\/v2\/comments?post=9283"}],"version-history":[{"count":7,"href":"https:\/\/safariworldtours.com\/de\/wp-json\/wp\/v2\/pages\/9283\/revisions"}],"predecessor-version":[{"id":22685,"href":"https:\/\/safariworldtours.com\/de\/wp-json\/wp\/v2\/pages\/9283\/revisions\/22685"}],"wp:attachment":[{"href":"https:\/\/safariworldtours.com\/de\/wp-json\/wp\/v2\/media?parent=9283"}],"curies":[{"name":"wp","href":"https:\/\/api.w.org\/{rel}","templated":true}]}}