{"id":7259,"date":"2023-04-02T11:00:50","date_gmt":"2023-04-02T11:00:50","guid":{"rendered":"https:\/\/safari.cloudpos.host\/?page_id=7259"},"modified":"2024-09-16T06:39:19","modified_gmt":"2024-09-16T06:39:19","slug":"faqs","status":"publish","type":"page","link":"https:\/\/safariworldtours.com\/de\/haufig-gestellte-fragen-2","title":{"rendered":"FAQs"},"content":{"rendered":"<h2 class=\"page_title\">FAQs<\/h2>\n<h3>1. Apa yang dimaksud dengan tur safari?<\/h3>\n<p>Tur safari adalah tamasya margasatwa berpemandu yang memungkinkan pengunjung mengamati hewan di habitat aslinya, biasanya di taman nasional atau suaka margasatwa.<\/p>\n<h3>2. Di manakah tempat terbaik untuk bersafari di Afrika?<\/h3>\n<p>Ada banyak tempat yang bagus untuk bersafari di Afrika, tetapi beberapa tujuan yang paling populer adalah Kenya, Tanzania, Afrika Selatan, Botswana, dan Namibia.<\/p>\n<h3>3. Hewan apa saja yang dapat saya lihat dalam safari di Afrika?<\/h3>\n<p>Tergantung pada lokasi safari Anda, Anda dapat melihat berbagai macam hewan, termasuk singa, gajah, zebra, jerapah, cheetah, badak, kuda nil, dan masih banyak lagi.<\/p>\n<h3>4. Kapan waktu terbaik untuk bersafari di Afrika?<\/h3>\n<p>Waktu terbaik untuk bersafari di Afrika tergantung pada lokasi spesifik dan jenis hewan yang ingin Anda lihat. Umumnya, musim kemarau (Juni-Oktober) adalah waktu terbaik untuk melihat satwa liar, karena hewan cenderung berkumpul di sekitar sumber air.<\/p>\n<h3>5. Apa yang harus saya bawa dalam tur safari?<\/h3>\n<p>Einige wichtige Dinge, die Sie mitnehmen sollten <a href=\"https:\/\/safariworldtours.com\/de\/touren-2\/\" target=\"_blank\" rel=\"noopener\">Safaritour<\/a> Dazu geh\u00f6ren Sonnenschutzmittel, Insektenschutzmittel, bequeme und atmungsaktive Kleidung, ein Hut, ein Fernglas, eine Kamera und ein festes Paar Wanderschuhe.<\/p>\n<h3>6. Apakah aman untuk melakukan safari di Afrika?<\/h3>\n<p>Safari tours are generally safe, but it&#8217;s important to follow the guidance of your tour guide and take necessary precautions to avoid dangerous situations. Always listen to your guide&#8217;s instructions and avoid approaching wild animals on foot.<\/p>\n<h3>7. Berapa lama tur safari biasanya berlangsung?<\/h3>\n<p>Tur safari dapat berlangsung mulai dari beberapa jam hingga beberapa hari atau bahkan berminggu-minggu, tergantung pada rencana perjalanan dan lokasinya.<\/p>\n<h3>8. Apakah anak-anak dapat mengikuti tur safari?<\/h3>\n<p>Many safari tours are suitable for children, but it&#8217;s important to check with the tour operator to ensure that the itinerary is appropriate for your child&#8217;s age and ability level.<\/p>\n<h3>9. Berapa biaya tur safari di Afrika?<\/h3>\n<p>Der <a href=\"https:\/\/safariworldtours.com\/de\/how-much-does-an-african-safari-cost\/\" target=\"_blank\" rel=\"noopener\">Kosten einer Safari<\/a> Touren in Afrika variieren stark je nach Ort, Dauer der Tour, Luxusniveau und den enthaltenen Aktivit\u00e4ten. Safaritouren k\u00f6nnen zwischen einigen hundert und mehreren tausend Dollar pro Person kosten.<\/p>\n<h3>10. Apakah saya harus membawa banyak uang tunai?<\/h3>\n<p>Eine der vielleicht gr\u00f6\u00dften und angenehmsten \u00dcberraschungen, die den Reisenden im s\u00fcdlichen Afrika erwartet, ist der Stand der technologischen Entwicklung und der grundlegenden Infrastruktur in der Region.<\/p>\n<p>Obwohl sie sich an einigen der entlegensten Orte der Erde befinden, akzeptieren die meisten Camps, Lodges und Hotels Kreditkartenzahlungen. Auf Safaris sind fast alle gr\u00f6\u00dferen Ausgaben (alle Mahlzeiten, Aktivit\u00e4ten und oft auch Getr\u00e4nke) in den Unterkunftskosten enthalten, sodass zus\u00e4tzliche Kosten sehr begrenzt sind und in der Regel mit Kreditkarte bezahlt werden k\u00f6nnen.<\/p>\n<p>In st\u00e4dtischen Zentren, insbesondere in S\u00fcdafrika, gibt es in den meisten Einkaufszentren und Banken Geldautomaten, die US-Bankkarten der Systeme Cirrus und Plus sowie Kreditkarten von Visa, Mastercard oder American Express akzeptieren (vorausgesetzt, Ihr Kreditkonto verf\u00fcgt \u00fcber die M\u00f6glichkeit zur Bargeldabhebung).<\/p>\n<p>Both major international airports (Johannesburg and Cape Town) also have ATMs, and you can withdraw money as soon as you land (generally at a better exchange rate than if you were to exchange cash or traveler&#8217;s checks at a bank). In a word, no, you will not have to carry lots of cash as any expenses that cannot be charged to a credit card (departure taxes, curio purchases, tips) will amount to very little.<\/p>\n<h3>11. Bolehkah saya meminum airnya?<\/h3>\n<p>Anders als in vielen anderen Teilen der Welt ist das Leitungswasser im s\u00fcdlichen Afrika gr\u00f6\u00dftenteils trinkbar. Camps, Lodges und Hotels machen ihren G\u00e4sten klar, ob sie Leitungswasser trinken d\u00fcrfen oder nicht, und stellen in den meisten F\u00e4llen kostenlos Flaschenwasser zur Verf\u00fcgung, wenn das Leitungswasser nicht trinkbar ist. Sie m\u00fcssen nicht mit der Angst verreisen, sich durch das Trinken des Wassers oder den Verzehr frischer Produkte eine exotische und unangenehme Krankheit einzufangen. FAQ<\/p>\n<h3>12. Apakah saya dapat berkomunikasi dengan penduduk setempat?<\/h3>\n<p>Englisch ist in allen f\u00fcnf L\u00e4ndern der Region Amtssprache und die De-facto-Sprache der Politik und Wirtschaft. Es wird in der Schule unterrichtet und in allen st\u00e4dtischen Zentren weithin gesprochen. Selbst in l\u00e4ndlichen Gebieten k\u00f6nnen sich viele Dorfbewohner (insbesondere j\u00fcngere, die eine Schulbildung erhalten haben) auf Englisch unterhalten. Wenn Sie in einem privaten Camp oder einer Lodge \u00fcbernachten, kann Ihr Reiseleiter Sie sehr oft seinen Freunden und seiner Familie vorstellen und bei Bedarf als Dolmetscher fungieren.<\/p>\n<p>Ja, es ist m\u00f6glich und mehr als wahrscheinlich, dass w\u00e4hrend Ihrer Reise ins s\u00fcdliche Afrika erstaunliche Interaktionen mit der einheimischen Bev\u00f6lkerung stattfinden.<\/p>\n<h3>13. Apakah saya dapat tetap berhubungan dengan dunia luar?<\/h3>\n<p>Auch hier wird die relativ ausgefeilte Infrastruktur der Region viele G\u00e4ste \u00fcberraschen. Alle st\u00e4dtischen Zentren sind gut mit terrestrischen Telekommunikationssystemen versorgt, und die Mobilfunknetze sind gut ausgebaut (Mobiltelefone k\u00f6nnen in <a href=\"https:\/\/safariworldtours.com\/de\/sudafrika-reisen\/\" target=\"_blank\" rel=\"noopener\">S\u00fcdafrika<\/a>, oder Ihr Mobilfunkanbieter bietet m\u00f6glicherweise die M\u00f6glichkeit des internationalen Roamings an).<\/p>\n<p>Die Calling Cards der meisten US-Anbieter (z. B. AT&amp;T, MCI usw.) bieten geb\u00fchrenfreie Nummern, die von s\u00fcdafrikanischen Telefonen aus f\u00fcr Ferngespr\u00e4che gew\u00e4hlt werden k\u00f6nnen, w\u00e4hrend Ortsgespr\u00e4che mit Telefonkarten von Telkom (dem \u00f6rtlichen Anbieter) gef\u00fchrt werden k\u00f6nnen.<\/p>\n<p>Fast alle Hotels verf\u00fcgen \u00fcber Telefon- und Faxdienste, oft auch \u00fcber Internet. Dasselbe gilt f\u00fcr Safari-Lodges in S\u00fcdafrika. W\u00e4hrend einer Safari in den n\u00f6rdlichen L\u00e4ndern S\u00fcdafrikas (Botswana, Sambia, Namibia und Simbabwe) k\u00f6nnen Sie der modernen Technologie entfliehen und sind von der Au\u00dfenwelt abgeschirmt (ein seltener Luxus!).<\/p>\n<p>F\u00fcr Notf\u00e4lle verf\u00fcgen alle Camps jedoch \u00fcber Funkverbindungen. FAQ<\/p>\n<h3>14. Isn\u2019t Africa politically unstable and dangerous?<\/h3>\n<p>Africa is the world\u2019s second-largest continent and is four times the size of the USA. In the area, Africa is larger than the USA, Europe, China, India, Argentina, and New Zealand combined. It is therefore extremely unfortunate that the media often treats Africa as a single cohesive entity.<\/p>\n<p>Sicherlich gibt es Teile Afrikas (vor allem Zentral- und Nordafrika), die f\u00fcr Reisen \u00fcberhaupt nicht sicher sind, aber es ist sehr irref\u00fchrend, dies als repr\u00e4sentativ f\u00fcr den gesamten Kontinent anzusehen.<\/p>\n<p>Das s\u00fcdliche Afrika ist mit Abstand der friedlichste, demokratischste und wirtschaftlich stabilste Teil des Kontinents und wird zunehmend als eines der sichersten Reiseziele der Welt angesehen f\u00fcr <a href=\"https:\/\/www.easttowestrms.com\/\" target=\"_blank\" rel=\"noopener\">Westliche Reisende<\/a> by virtue of the region\u2019s geographic dislocation from global \u201chotspots\u201d, and the absence of religious fundamentalism.<\/p>\n<p>Alle f\u00fcnf L\u00e4nder der Region sind Mehrparteiendemokratien mit stabilen Regierungen und starken Volkswirtschaften.<\/p>\n<h3>15. Apa yang harus saya bawa untuk tur Safari saya?<\/h3>\n<p>You can expect hot, wet summers and cooler, dry winters in Namibia. Generally, the days can be quite hot and the evenings and early mornings can be remarkably cool. Comfortable, lightweight clothing for the daytime and a sweater or jacket for early mornings and evenings. Comfortable walking shoes and sandals. Protection against the sun \u2013 sunblock, hat, sunglasses, lip balm, and moisturizing lotion. Flashlight (headlamp), binoculars, and a good camera with extra film or memory card.<\/p>\n<p>F\u00fcr kleine Elektroger\u00e4te oder Ladeger\u00e4te ein Adapterstecker f\u00fcr eine dreipolige Steckdose. Badeanz\u00fcge, da die meisten Lodges und Hotels \u00fcber Swimmingpools verf\u00fcgen. Insektenschutzmittel, Rehydratationsl\u00f6sungen oder -konzentrate, Durchfallmedikamente, Malariaprophylaxe (bei Reisen in Malariagebiete), Bandagen usw. Warmer Jersey oder Fleece plus Anorak oder Parka, Schal, Handschuhe und Beanies\/Wollm\u00fctzen f\u00fcr die kalten Wintermonate.<\/p>\n<p>Headlamp \u2013 Especially when going on camping safaris Some flip flops that can be used when showering at Campsites Pillow \u2013 Although we provide comfortable camping mattresses and sleeping bags at extra costs, we do not provide pillows on our camping safaris. We advise bringing along a small traveling pillow to make your sleeping even more comfortable.<\/p>\n<p>A 2 Litre Water Bottle. \u2013 Namibia is quite dry and during the hot summer months, we recommend drinking a lot of water to prevent dehydration. Therefore always keep water with you and make sure you stay hydrated.<\/p>\n<h3>16. Mata uang apa yang digunakan di Afrika Selatan?<\/h3>\n<p>Die in Namibia verwendete W\u00e4hrung ist der Namibische Dollar, die s\u00fcdafrikanische der Rand und die botswanische der Pula. Der Namibische Dollar (NAD oder N$) ist dauerhaft (im Verh\u00e4ltnis 1:1) an den S\u00fcdafrikanischen Rand (ZAR) gekoppelt und auch s\u00fcdafrikanische Rand-Banknoten und -M\u00fcnzen sind in Namibia gesetzliches Zahlungsmittel.<\/p>\n<p>FAQ As of 2015, NAD 100.00 is very roughly 5 GBP (\u00a3), 8 USD ($), or 7 EUR (\u20ac). Of course, values fluctuate and different businesses will offer different exchange rates so please do make thorough checks before committing to any purchases!<\/p>\n<h3>17. Apakah kartu kredit digunakan secara luas di Afrika Selatan?<\/h3>\n<p>Kreditkarten werden normalerweise von gro\u00dfen Hotels, modernen Gesch\u00e4ften und Restaurants im westlichen Stil akzeptiert, aber nicht von kleineren H\u00e4ndlern. Stellen Sie sicher, dass Sie gen\u00fcgend Bargeld dabei haben, um Eink\u00e4ufe zu bezahlen, die Sie nicht auf Kredit t\u00e4tigen k\u00f6nnen.<\/p>\n<h3>18. Apakah memberi tip merupakan kebiasaan di Afrika Selatan?<\/h3>\n<p>It\u2019s considered polite to tip service workers in Namibia, as most receive a small wage. As a general rule, add 10-15% to bills at cafes, bars, and restaurants (if it hasn\u2019t already been added). Tour guides, drivers, valets, and porters also should be tipped.<\/p>\n<p>&nbsp;<\/p>","protected":false},"excerpt":{"rendered":"<p>FAQs 1. What is a safari tour? A safari tour is a guided wildlife excursion in which visitors observe animals in their natural habitat, usually in a national park or wildlife reserve. 2. Where is the best place to go on a safari in Africa? There are many great places to go on a safari [&hellip;]<\/p>","protected":false},"author":1,"featured_media":21187,"parent":0,"menu_order":0,"comment_status":"closed","ping_status":"closed","template":"","meta":{"footnotes":""},"class_list":["post-7259","page","type-page","status-publish","has-post-thumbnail","hentry"],"_links":{"self":[{"href":"https:\/\/safariworldtours.com\/de\/wp-json\/wp\/v2\/pages\/7259","targetHints":{"allow":["GET"]}}],"collection":[{"href":"https:\/\/safariworldtours.com\/de\/wp-json\/wp\/v2\/pages"}],"about":[{"href":"https:\/\/safariworldtours.com\/de\/wp-json\/wp\/v2\/types\/page"}],"author":[{"embeddable":true,"href":"https:\/\/safariworldtours.com\/de\/wp-json\/wp\/v2\/users\/1"}],"replies":[{"embeddable":true,"href":"https:\/\/safariworldtours.com\/de\/wp-json\/wp\/v2\/comments?post=7259"}],"version-history":[{"count":0,"href":"https:\/\/safariworldtours.com\/de\/wp-json\/wp\/v2\/pages\/7259\/revisions"}],"wp:featuredmedia":[{"embeddable":true,"href":"https:\/\/safariworldtours.com\/de\/wp-json\/wp\/v2\/media\/21187"}],"wp:attachment":[{"href":"https:\/\/safariworldtours.com\/de\/wp-json\/wp\/v2\/media?parent=7259"}],"curies":[{"name":"wp","href":"https:\/\/api.w.org\/{rel}","templated":true}]}}