{"id":7218,"date":"2023-04-02T11:12:54","date_gmt":"2023-04-02T11:12:54","guid":{"rendered":"https:\/\/safari.cloudpos.host\/?page_id=7218"},"modified":"2024-09-16T08:25:14","modified_gmt":"2024-09-16T08:25:14","slug":"visa-requirements","status":"publish","type":"page","link":"https:\/\/safariworldtours.com\/de\/visa-vorraussetzungen","title":{"rendered":"Visabestimmungen"},"content":{"rendered":"<h3><strong>Namibia<\/strong><\/h3>\n<p>B\u00fcrger aus folgenden L\u00e4ndern sind befreit von <a href=\"https:\/\/nomadworkvisa.com\/\" target=\"_blank\" rel=\"noopener\">Visabestimmungen<\/a> wenn sie als bona fide Touristen nach Namibia einreisen und die unten aufgef\u00fchrten Mindestanforderungen erf\u00fcllen:<\/p>\n<p>Angola, Australien, \u00d6sterreich, Belgien, Botswana, Brasilien, Kanada, Kuba, D\u00e4nemark, Finnland, Frankreich, Deutschland, Hongkong (SAR), Island, Irland, Italien, Japan, Kenia, Lesotho, Liechtenstein, Luxemburg, Macau (SAR), Malawi, Malaysia, Mosambik, Niederlande, Neuseeland, Norwegen<\/p>\n<p>Portugal, the Republic of South Africa, Russian Federation, the Commonwealth of Independent States of the former USSR, Singapore, Spain, Swaziland, Sweden, Switzerland, Tanzania, the United Kingdom, United States of America, Zambia, and Zimbabwe. Inquiries for Visas should be made, well in advance of an intended visit, to The Ministry of Home Affairs, Private Bag 13200, Windhoek \u2013 phone +264 61 292 9111, fax +264 61 223817.<\/p>\n<hr class=\"wp-block-separator has-css-opacity\" \/>\n<h3><strong>Visa Requirements for tourists entering Namibia, that don\u2019t need a visa<\/strong><\/h3>\n<ul>\n<li>Sie m\u00fcssen im Besitz eines g\u00fcltigen Reisepasses sein, der mindestens 6 Monate \u00fcber das geplante Abreisedatum aus Namibia hinaus g\u00fcltig ist.<\/li>\n<li>Sie m\u00fcssen im Besitz eines g\u00fcltigen R\u00fcckflug-\/Weiterflugtickets oder eines Nachweises \u00fcber ein anderes Transportmittel sein, das Ihnen die Ausreise aus Namibia erm\u00f6glicht.<\/li>\n<li>Die Einreise nach Namibia ist f\u00fcr einen Zeitraum von maximal 90 Tagen gestattet (eine Verl\u00e4ngerung ist auf Antrag beim Innenministerium w\u00e4hrend des Aufenthalts in Namibia m\u00f6glich).<\/li>\n<\/ul>\n<h3><strong>Botswana<\/strong><\/h3>\n<p>Please see below for countries that do not require a visa to enter Botswana. You will be issued with a visitor\u2019s visa at the border (maximum stay 90 days). Angola, Antigua &amp; Barbuda, Argentina, Australia, Austria, Bahamas, Bahrain, Barbados, Belgium, Belize, Brazil, Brunei Darussalam, Bulgaria, Cameroon, Canada, Chile, Costa Rica, Croatia, Cyprus, Czech Republic, Denmark, Dominica, Dominican Republic,<\/p>\n<p>Estland, Fidschi, Finnland, Frankreich, Gambia, Deutschland, Griechenland, Grenada, Guyana, Heiliger Stuhl, Hongkong, Ungarn, Island, Irland, Israel, Italien, Jamaika, Japan, Kenia, Kiribati, Lettland, Lesotho, Liechtenstein, Litauen, Luxemburg, Malawi, Malaysia, Malediven, Malta, Mauritius, Mexiko, Monaco, Mosambik, Namibia, Nauru, Niederlande, Neuseeland, Norwegen und Kolonien*, Papua-Neuguinea, Paraguay, Peru,<\/p>\n<p>Polen, Portugal, Rum\u00e4nien, Russland, Samoa, San Marino, Seychellen, Sierra Leone, Singapur, Slowakische Republik, Salomonen, S\u00fcdafrika, S\u00fcdkorea (Republik), Spanien, St. Kitts und Nevis, St. Lucia, St. Vincent und die Grenadinen, Swasiland, Schweden, Schweiz, Tansania, Tonga, Trinidad und Tobago, Tuvalu, Uganda, Vereinigtes K\u00f6nigreich, Vereinigte Staaten von Amerika, Uruguay, Vanuatu, Venezuela, Sambia,<\/p>\n<p>Simbabwe. F\u00fcr L\u00e4nder, die oben nicht aufgef\u00fchrt sind, beantragen Sie bitte rechtzeitig vor Ihrem Besuch ein Visum. Bitte beachten Sie, dass Sie auf unserer 9-t\u00e4gigen Delta- und Wasserfall-Safari Botswana mehr als einmal betreten werden. Beantragen Sie daher bitte ein Mehrfachvisum.<\/p>\n<hr class=\"wp-block-separator has-css-opacity\" \/>\n<h3><strong>bitte beachten Sie<\/strong><\/h3>\n<p><em><strong>Es liegt in der Verantwortung der Kunden, sicherzustellen, dass <a href=\"https:\/\/en.wikipedia.org\/wiki\/Passport\" target=\"_blank\" rel=\"noopener\">Reisep\u00e4sse<\/a>, Visa oder andere Reisedokumente sind f\u00fcr die Dauer Ihres Aufenthalts in Namibia und anderen in den Touren enthaltenen Gebieten g\u00fcltig, und das Unternehmen ber\u00fccksichtigt keine Beschwerden bez\u00fcglich ung\u00fcltiger Reisedokumente.<\/strong><\/em><\/p>\n<p><em><strong> Wenn ein Kunde nicht \u00fcber die erforderlichen Dokumente verf\u00fcgt, um ein Gebiet oder Land der Tour zu betreten, beh\u00e4lt sich das Unternehmen das Recht vor, den Kunden aufzufordern, die Tour am Einreisepunkt in diese Gebiete oder L\u00e4nder zu verlassen. Sollte ein solcher Fall eintreten, ist das Unternehmen nicht f\u00fcr die Bereitstellung weiterer Reisearrangements verantwortlich. <a href=\"https:\/\/safariworldtours.com\/de\/kontakt\/\">Kontaktiere uns\u00a0<\/a><\/strong><\/em><\/p>","protected":false},"excerpt":{"rendered":"<p>Namibia Citizens from the following countries are exempted from visa requirements if they are entering Namibia as bona fide tourists and they meet the minimum requirements stipulated below: Angola, Australia, Austria, Belgium, Botswana, Brazil, Canada, Cuba, Denmark, Finland, France, Germany, Hong Kong (SAR), Iceland, Ireland, Italy, Japan, Kenya, Lesotho, Liechtenstein, Luxembourg, Macau (SAR), Malawi, Malaysia, [&hellip;]<\/p>","protected":false},"author":1,"featured_media":6583,"parent":0,"menu_order":0,"comment_status":"closed","ping_status":"closed","template":"","meta":{"footnotes":""},"class_list":["post-7218","page","type-page","status-publish","has-post-thumbnail","hentry"],"_links":{"self":[{"href":"https:\/\/safariworldtours.com\/de\/wp-json\/wp\/v2\/pages\/7218","targetHints":{"allow":["GET"]}}],"collection":[{"href":"https:\/\/safariworldtours.com\/de\/wp-json\/wp\/v2\/pages"}],"about":[{"href":"https:\/\/safariworldtours.com\/de\/wp-json\/wp\/v2\/types\/page"}],"author":[{"embeddable":true,"href":"https:\/\/safariworldtours.com\/de\/wp-json\/wp\/v2\/users\/1"}],"replies":[{"embeddable":true,"href":"https:\/\/safariworldtours.com\/de\/wp-json\/wp\/v2\/comments?post=7218"}],"version-history":[{"count":2,"href":"https:\/\/safariworldtours.com\/de\/wp-json\/wp\/v2\/pages\/7218\/revisions"}],"predecessor-version":[{"id":22196,"href":"https:\/\/safariworldtours.com\/de\/wp-json\/wp\/v2\/pages\/7218\/revisions\/22196"}],"wp:featuredmedia":[{"embeddable":true,"href":"https:\/\/safariworldtours.com\/de\/wp-json\/wp\/v2\/media\/6583"}],"wp:attachment":[{"href":"https:\/\/safariworldtours.com\/de\/wp-json\/wp\/v2\/media?parent=7218"}],"curies":[{"name":"wp","href":"https:\/\/api.w.org\/{rel}","templated":true}]}}