{"id":16864,"date":"2023-04-02T11:14:06","date_gmt":"2023-04-02T11:14:06","guid":{"rendered":"https:\/\/safariworldtours.com\/?page_id=16864"},"modified":"2024-09-16T05:46:00","modified_gmt":"2024-09-16T05:46:00","slug":"travel-guide-south-africa","status":"publish","type":"page","link":"https:\/\/safariworldtours.com\/de\/reisefuhrer-sudafrika-2","title":{"rendered":"Reisef\u00fchrer f\u00fcr S\u00fcdafrika"},"content":{"rendered":"","protected":false},"excerpt":{"rendered":"","protected":false},"author":1,"featured_media":16870,"parent":0,"menu_order":0,"comment_status":"closed","ping_status":"closed","template":"","meta":{"footnotes":""},"class_list":["post-16864","page","type-page","status-publish","has-post-thumbnail","hentry"],"_links":{"self":[{"href":"https:\/\/safariworldtours.com\/de\/wp-json\/wp\/v2\/pages\/16864","targetHints":{"allow":["GET"]}}],"collection":[{"href":"https:\/\/safariworldtours.com\/de\/wp-json\/wp\/v2\/pages"}],"about":[{"href":"https:\/\/safariworldtours.com\/de\/wp-json\/wp\/v2\/types\/page"}],"author":[{"embeddable":true,"href":"https:\/\/safariworldtours.com\/de\/wp-json\/wp\/v2\/users\/1"}],"replies":[{"embeddable":true,"href":"https:\/\/safariworldtours.com\/de\/wp-json\/wp\/v2\/comments?post=16864"}],"version-history":[{"count":1,"href":"https:\/\/safariworldtours.com\/de\/wp-json\/wp\/v2\/pages\/16864\/revisions"}],"predecessor-version":[{"id":22167,"href":"https:\/\/safariworldtours.com\/de\/wp-json\/wp\/v2\/pages\/16864\/revisions\/22167"}],"wp:featuredmedia":[{"embeddable":true,"href":"https:\/\/safariworldtours.com\/de\/wp-json\/wp\/v2\/media\/16870"}],"wp:attachment":[{"href":"https:\/\/safariworldtours.com\/de\/wp-json\/wp\/v2\/media?parent=16864"}],"curies":[{"name":"wp","href":"https:\/\/api.w.org\/{rel}","templated":true}]}}